{"id":26,"date":"2025-08-09T12:12:48","date_gmt":"2025-08-09T10:12:48","guid":{"rendered":"https:\/\/soleiletsouriredusenegal.com\/?page_id=26"},"modified":"2025-10-08T10:58:01","modified_gmt":"2025-10-08T08:58:01","slug":"accueil","status":"publish","type":"page","link":"https:\/\/soleiletsouriredusenegal.com\/","title":{"rendered":"\ud835\udc68\ud835\udc84\ud835\udc84\ud835\udc96\ud835\udc86\ud835\udc8a\ud835\udc8d"},"content":{"rendered":"\t\t<div data-elementor-type=\"wp-page\" data-elementor-id=\"26\" class=\"elementor elementor-26\">\n\t\t\t\t<div class=\"elementor-element elementor-element-78223a8 e-flex e-con-boxed e-con e-parent\" data-id=\"78223a8\" data-element_type=\"container\" data-settings=\"{&quot;background_background&quot;:&quot;classic&quot;}\">\n\t\t\t\t\t<div class=\"e-con-inner\">\n\t\t<div class=\"elementor-element elementor-element-d3016b2 e-con-full e-flex e-con e-child\" data-id=\"d3016b2\" data-element_type=\"container\">\n\t\t\t\t<\/div>\n\t\t<div class=\"elementor-element elementor-element-df9b7ee e-con-full e-flex e-con e-child\" data-id=\"df9b7ee\" data-element_type=\"container\">\n\t\t\t\t<\/div>\n\t\t\t\t<div class=\"elementor-element elementor-element-4e2a3b10 elementor-drop-cap-yes animated-slow elementor-drop-cap-view-default elementor-invisible elementor-widget elementor-widget-text-editor\" data-id=\"4e2a3b10\" data-element_type=\"widget\" data-settings=\"{&quot;drop_cap&quot;:&quot;yes&quot;,&quot;_animation&quot;:&quot;slideInRight&quot;}\" data-widget_type=\"text-editor.default\">\n\t\t\t\t\t\t\t\t\t<div class=\"wp-block-group alignfull\" style=\"margin-top: 0; margin-bottom: 0; padding: calc( 0.5 * var(--wp--style--root--padding-right, var(--wp--custom--gap--horizontal))) var(--wp--style--root--padding-right, var(--wp--custom--gap--horizontal)) calc( 0.5 * var(--wp--style--root--padding-right, var(--wp--custom--gap--horizontal))) var(--wp--style--root--padding-left, var(--wp--custom--gap--horizontal));\">&nbsp;<\/div>\n<div class=\"wp-block-media-text has-media-on-the-right has-luminous-vivid-amber-background-color has-background\" style=\"grid-template-columns: auto 41%;\">\n<div class=\"wp-block-media-text__content\">\n<p class=\"has-white-color has-luminous-vivid-amber-background-color has-text-color has-background has-link-color\" style=\"font-size: 19px;\"><span style=\"color: #993300;\">Nous sommes une agence qui fait la promotion d\u2019un tourisme porteur d\u2019identit\u00e9, de d\u00e9veloppement local permettant \u00e0 chacun de conserver sa dignit\u00e9 et de d\u00e9velopper le sens de la solidarit\u00e9, du partage et de l\u2019\u00e9quit\u00e9.&nbsp;<\/span><\/p>\n<p><span style=\"color: #993300;\"><!-- \/wp:paragraph --><\/span><\/p>\n<\/div>\n<figure class=\"wp-block-media-text__media\"><span style=\"color: #993300;\"><img fetchpriority=\"high\" width=\"603\" height=\"450\" class=\"wp-image-1208 size-full lws-optimize-lazyload\"  alt=\"\" data-src=\"https:\/\/soleiletsouriredusenegal.com\/wp-content\/uploads\/2025\/08\/IMG_0535.webp\" srcset=\"https:\/\/soleiletsouriredusenegal.com\/wp-content\/uploads\/2025\/08\/IMG_0535.webp 603w, https:\/\/soleiletsouriredusenegal.com\/wp-content\/uploads\/2025\/08\/IMG_0535-300x224.webp 300w, https:\/\/soleiletsouriredusenegal.com\/wp-content\/uploads\/2025\/08\/IMG_0535-200x149.webp 200w\" sizes=\"(max-width: 603px) 100vw, 603px\" \/><\/span><\/figure>\n<\/div>\n<p><!-- \/wp:media-text --><\/p>\n<p><!-- wp:media-text {\"mediaId\":1216,\"mediaLink\":\"https:\/\/soleiletsouriredusenegal.com\/qui-sommes-nous\/img_0550\/\",\"mediaType\":\"image\",\"mediaWidth\":38,\"isStackedOnMobile\":false,\"imageFill\":false,\"style\":{\"elements\":{\"link\":{\"color\":{\"text\":\"var:preset|color|white\"}}}},\"backgroundColor\":\"luminous-vivid-amber\",\"textColor\":\"white\"} --><\/p>\n<div class=\"wp-block-media-text has-white-color has-luminous-vivid-amber-background-color has-text-color has-background has-link-color\" style=\"grid-template-columns: 38% auto;\">\n<figure class=\"wp-block-media-text__media\"><img width=\"603\" height=\"450\" class=\"wp-image-1216 size-full lws-optimize-lazyload\"  alt=\"\" data-src=\"https:\/\/soleiletsouriredusenegal.com\/wp-content\/uploads\/2025\/08\/IMG_0550.webp\" srcset=\"https:\/\/soleiletsouriredusenegal.com\/wp-content\/uploads\/2025\/08\/IMG_0550.webp 603w, https:\/\/soleiletsouriredusenegal.com\/wp-content\/uploads\/2025\/08\/IMG_0550-300x224.webp 300w, https:\/\/soleiletsouriredusenegal.com\/wp-content\/uploads\/2025\/08\/IMG_0550-200x149.webp 200w\" sizes=\"(max-width: 603px) 100vw, 603px\" \/><\/figure>\n<div class=\"wp-block-media-text__content\">\n<p><!-- wp:paragraph {\"align\":\"center\",\"placeholder\":\"Contenu\u2026\",\"style\":{\"elements\":{\"link\":{\"color\":{\"text\":\"var:preset|color|white\"}}},\"typography\":{\"fontSize\":\"19px\"}},\"textColor\":\"white\"} --><\/p>\n<p class=\"has-text-align-center has-white-color has-text-color has-link-color\" style=\"font-size: 19px;\"><span style=\"color: #993300;\"><strong>Notre Vision<\/strong><\/span><\/p>\n<p><span style=\"color: #993300;\"><!-- \/wp:paragraph --><!-- wp:paragraph {\"align\":\"center\",\"placeholder\":\"Contenu\u2026\",\"style\":{\"elements\":{\"link\":{\"color\":{\"text\":\"var:preset|color|white\"}}},\"typography\":{\"fontSize\":\"19px\"}},\"backgroundColor\":\"luminous-vivid-amber\",\"textColor\":\"white\"} --><\/span><\/p>\n<p class=\"has-text-align-center has-white-color has-luminous-vivid-amber-background-color has-text-color has-background has-link-color\" style=\"font-size: 19px;\"><span style=\"color: #993300;\">Nous emmenons les touristes \u00e0 la rencontre des populations afin de leur faire prendre conscience des r\u00e9alit\u00e9s locales tout en <strong>nous<\/strong> assurant que les retomb\u00e9es \u00e9conomiques profitent directement aux communaut\u00e9s.<\/span><\/p>\n<p><!-- \/wp:paragraph --><\/p>\n<\/div>\n<\/div>\n<p><!-- \/wp:media-text --><\/p>\n<p><!-- wp:columns {\"verticalAlignment\":\"top\"} --><\/p>\n<div class=\"wp-block-columns are-vertically-aligned-top\">\n<p><!-- wp:column {\"verticalAlignment\":\"top\"} --><\/p>\n<div class=\"wp-block-column is-vertically-aligned-top\">\n<p><!-- wp:table {\"className\":\"is-style-stripes\",\"style\":{\"elements\":{\"link\":{\"color\":{\"text\":\"var:preset|color|vivid-green-cyan\"}}}},\"backgroundColor\":\"luminous-vivid-amber\",\"textColor\":\"vivid-green-cyan\"} --><\/p>\n<figure class=\"wp-block-table is-style-stripes\">\n<table class=\"has-vivid-green-cyan-color has-luminous-vivid-amber-background-color has-text-color has-background has-link-color has-fixed-layout\">\n<thead>\n<tr>\n<th class=\"has-text-align-center\" data-align=\"center\"><span style=\"color: #008080;\">Doudou Ndiaye Kopa<\/span><\/th>\n<\/tr>\n<\/thead>\n<tbody>\n<tr>\n<td class=\"has-text-align-center\" data-align=\"center\">\n<p><span style=\"color: #008080;\">Dipl\u00f4m\u00e9 de l\u2019\u00e9cole National h\u00f4teli\u00e8re et touristique du S\u00e9n\u00e9gal en 1974, je suis technicien sup\u00e9rieur en tourisme et en communication. J\u2019ai le bonheur d\u2019animer chaque semaine une \u00e9mission d\u00e9di\u00e9e au voyage et \u00e0 la d\u00e9couverte. Ancien directeur de l\u2019Office du tourisme et de la culture de la ville de Mbour, je me suis toujours engag\u00e9 \u00e0 faire rayonner mon merveilleux pays, dont l\u2019hospitalit\u00e9 l\u00e9gendaire \u2013 la teranga \u2013 constitue un v\u00e9ritable tr\u00e9sor culturel.<\/span><br><span style=\"color: #008080;\">Je suis particuli\u00e8rement honor\u00e9 d\u2019avoir \u00e9t\u00e9 distingu\u00e9 Chevalier de l\u2019ordre national du m\u00e9rite ainsi que Chevalier de l\u2019Ordre national du Lion, deux reconnaissances prestigieuses de l\u2019\u00c9tat du S\u00e9n\u00e9gal qui saluent mon engagement pour le d\u00e9veloppement d\u2019un tourisme porteur de sens et de valeurs.<\/span><\/p>\n<p><span style=\"color: #008080;\">&nbsp;<\/span><\/p>\n<p><span style=\"color: #008080;\">&nbsp;<\/span><\/p>\n<p><span style=\"color: #008080;\">&nbsp;<\/span><\/p>\n<p><span style=\"color: #008080;\">&nbsp;<\/span><\/p>\n<\/td>\n<\/tr>\n<\/tbody>\n<tfoot>\n<tr>\n<td class=\"has-text-align-center\" data-align=\"center\"><img width=\"150\" height=\"200\" class=\"wp-image-1457 lws-optimize-lazyload\" style=\"width: 150px;\"  alt=\"\" data-src=\"https:\/\/soleiletsouriredusenegal.com\/wp-content\/uploads\/2025\/08\/IMG_0812.webp\" srcset=\"https:\/\/soleiletsouriredusenegal.com\/wp-content\/uploads\/2025\/08\/IMG_0812.webp 768w, https:\/\/soleiletsouriredusenegal.com\/wp-content\/uploads\/2025\/08\/IMG_0812-300x400.webp 300w, https:\/\/soleiletsouriredusenegal.com\/wp-content\/uploads\/2025\/08\/IMG_0812-225x300.webp 225w, https:\/\/soleiletsouriredusenegal.com\/wp-content\/uploads\/2025\/08\/IMG_0812-200x267.webp 200w\" sizes=\"(max-width: 150px) 100vw, 150px\" \/><\/td>\n<\/tr>\n<\/tfoot>\n<\/table>\n<\/figure>\n<p><!-- \/wp:table --><\/p>\n<\/div>\n<p><!-- \/wp:column --><!-- wp:column {\"verticalAlignment\":\"top\"} --><\/p>\n<div class=\"wp-block-column is-vertically-aligned-top\">\n<p><!-- wp:table {\"className\":\"is-style-stripes\",\"style\":{\"elements\":{\"link\":{\"color\":{\"text\":\"var:preset|color|vivid-green-cyan\"}}}},\"backgroundColor\":\"luminous-vivid-amber\",\"textColor\":\"vivid-green-cyan\"} --><\/p>\n<figure class=\"wp-block-table is-style-stripes\">\n<table class=\"has-vivid-green-cyan-color has-luminous-vivid-amber-background-color has-text-color has-background has-link-color has-fixed-layout\">\n<thead>\n<tr>\n<th class=\"has-text-align-center\" data-align=\"center\"><span style=\"color: #008080;\"><strong>Julie Beauregard<\/strong><\/span><\/th>\n<\/tr>\n<\/thead>\n<tbody>\n<tr>\n<td class=\"has-text-align-center\" data-align=\"center\">\n<p><span style=\"color: #008080;\">Il y a plus de 22 ans, je posais pour la premi\u00e8re fois les pieds sur le sol s\u00e9n\u00e9galais\u2026 Ce fut un v\u00e9ritable coup de c\u0153ur instantan\u00e9. Je m\u2019y suis tout de suite sentie en s\u00e9curit\u00e9, en confiance et j&#8217;ai \u00e9t\u00e9 profond\u00e9ment touch\u00e9e par l\u2019atmosph\u00e8re unique du pays.<\/span><br><span style=\"color: #008080;\">Le S\u00e9n\u00e9gal est surnomm\u00e9 la Teranga, ce qui veux dire terre d\u2019accueil. &nbsp;Ce n\u2019est pas un hasard : les S\u00e9n\u00e9galais sont g\u00e9n\u00e9reux, souriants, r\u00e9silients et incroyablement accueillants. \u00c0 leur contact, on se sent imm\u00e9diatement sp\u00e9cial\u2026 si sp\u00e9cial qu\u2019on a toujours envie d\u2019y revenir. Pour ma part, c\u2019est l\u00e0-bas que j\u2019ai trouv\u00e9 celui qui est devenu mon mari.<\/span><br><span style=\"color: #008080;\">Depuis le premier jour, j&#8217;ai le d\u00e9sir profonds de faire d\u00e9couvrir ce merveilleux pays aux Qu\u00e9b\u00e9cois et \u00e0 toute personne attir\u00e9e par les beaut\u00e9s de l\u2019Afrique. &nbsp;Bien souvent, pour nous, un voyage en Afrique repr\u00e9sente le voyage d\u2019une vie.<\/span><br><span style=\"color: #008080;\">C\u2019est pourquoi je vous invite \u00e0 m\u2019accompagner, hors des sentiers battus, \u00e0 la d\u00e9couverte de mon S\u00e9n\u00e9gal, celui que j\u2019aime et que j\u2019ai appris \u00e0 conna\u00eetre intimement.<\/span><br><span style=\"color: #008080;\">Alors\u2026 \u00eates-vous pr\u00eats \u00e0 embarquer avec moi ?<\/span><span style=\"color: #008080;\">&nbsp;<\/span><\/p>\n<p><span style=\"color: rgb(0, 128, 128);\">&nbsp;<\/span><\/p>\n<p><\/p>\n<\/td>\n<\/tr>\n<\/tbody>\n<tfoot>\n<tr>\n<td class=\"has-text-align-center\" data-align=\"center\">&nbsp;<img loading=\"lazy\" width=\"150\" height=\"200\" class=\"wp-image-1463 lws-optimize-lazyload\" style=\"width: 150px;\"  alt=\"\" data-src=\"https:\/\/soleiletsouriredusenegal.com\/wp-content\/uploads\/2025\/08\/IMG_0815.webp\" srcset=\"https:\/\/soleiletsouriredusenegal.com\/wp-content\/uploads\/2025\/08\/IMG_0815.webp 480w, https:\/\/soleiletsouriredusenegal.com\/wp-content\/uploads\/2025\/08\/IMG_0815-300x400.webp 300w, https:\/\/soleiletsouriredusenegal.com\/wp-content\/uploads\/2025\/08\/IMG_0815-225x300.webp 225w, https:\/\/soleiletsouriredusenegal.com\/wp-content\/uploads\/2025\/08\/IMG_0815-200x267.webp 200w\" sizes=\"(max-width: 150px) 100vw, 150px\" \/><\/td>\n<\/tr>\n<\/tfoot>\n<\/table>\n<\/figure>\n<p><!-- \/wp:table --><\/p>\n<\/div>\n<\/div>\n<p><!-- \/wp:embed --><\/p>\t\t\t\t\t\t\t\t<\/div>\n\t\t\t\t\t<\/div>\n\t\t\t\t<\/div>\n\t\t\t\t<\/div>\n\t\t","protected":false},"excerpt":{"rendered":"<p>&nbsp; Nous sommes une agence qui fait la promotion d\u2019un tourisme porteur d\u2019identit\u00e9, de d\u00e9veloppement local permettant \u00e0 chacun de conserver sa dignit\u00e9 et de d\u00e9velopper le sens de la solidarit\u00e9, du partage et de l\u2019\u00e9quit\u00e9.&nbsp; Notre Vision Nous emmenons les touristes \u00e0 la rencontre des populations afin de leur faire prendre conscience des r\u00e9alit\u00e9s [&hellip;]<\/p>\n","protected":false},"author":1,"featured_media":0,"parent":0,"menu_order":0,"comment_status":"closed","ping_status":"closed","template":"","meta":{"_glsr_average":0,"_glsr_ranking":0,"_glsr_reviews":0,"footnotes":""},"class_list":["post-26","page","type-page","status-publish","hentry"],"yoast_head":"<!-- This site is optimized with the Yoast SEO plugin v27.4 - https:\/\/yoast.com\/product\/yoast-seo-wordpress\/ -->\n<title>\ud835\udc68\ud835\udc84\ud835\udc84\ud835\udc96\ud835\udc86\ud835\udc8a\ud835\udc8d -<\/title>\n<meta name=\"robots\" content=\"index, follow, max-snippet:-1, max-image-preview:large, max-video-preview:-1\" \/>\n<link rel=\"canonical\" href=\"https:\/\/soleiletsouriredusenegal.com\/\" \/>\n<meta property=\"og:locale\" content=\"fr_FR\" \/>\n<meta property=\"og:type\" content=\"article\" \/>\n<meta property=\"og:title\" content=\"\ud835\udc68\ud835\udc84\ud835\udc84\ud835\udc96\ud835\udc86\ud835\udc8a\ud835\udc8d -\" \/>\n<meta property=\"og:description\" content=\"&nbsp; Nous sommes une agence qui fait la promotion d\u2019un tourisme porteur d\u2019identit\u00e9, de d\u00e9veloppement local permettant \u00e0 chacun de conserver sa dignit\u00e9 et de d\u00e9velopper le sens de la solidarit\u00e9, du partage et de l\u2019\u00e9quit\u00e9.&nbsp; Notre Vision Nous emmenons les touristes \u00e0 la rencontre des populations afin de leur faire prendre conscience des r\u00e9alit\u00e9s [&hellip;]\" \/>\n<meta property=\"og:url\" content=\"https:\/\/soleiletsouriredusenegal.com\/\" \/>\n<meta property=\"article:modified_time\" content=\"2025-10-08T08:58:01+00:00\" \/>\n<meta property=\"og:image\" content=\"https:\/\/soleiletsouriredusenegal.com\/wp-content\/uploads\/2025\/08\/IMG_0535.webp\" \/>\n\t<meta property=\"og:image:width\" content=\"603\" \/>\n\t<meta property=\"og:image:height\" content=\"450\" \/>\n\t<meta property=\"og:image:type\" content=\"image\/webp\" \/>\n<meta name=\"twitter:card\" content=\"summary_large_image\" \/>\n<meta name=\"twitter:label1\" content=\"Dur\u00e9e de lecture estim\u00e9e\" \/>\n\t<meta name=\"twitter:data1\" content=\"3 minutes\" \/>\n<script type=\"application\/ld+json\" class=\"yoast-schema-graph\">{\"@context\":\"https:\\\/\\\/schema.org\",\"@graph\":[{\"@type\":\"WebPage\",\"@id\":\"https:\\\/\\\/soleiletsouriredusenegal.com\\\/\",\"url\":\"https:\\\/\\\/soleiletsouriredusenegal.com\\\/\",\"name\":\"\ud835\udc68\ud835\udc84\ud835\udc84\ud835\udc96\ud835\udc86\ud835\udc8a\ud835\udc8d -\",\"isPartOf\":{\"@id\":\"https:\\\/\\\/soleiletsouriredusenegal.com\\\/#website\"},\"primaryImageOfPage\":{\"@id\":\"https:\\\/\\\/soleiletsouriredusenegal.com\\\/#primaryimage\"},\"image\":{\"@id\":\"https:\\\/\\\/soleiletsouriredusenegal.com\\\/#primaryimage\"},\"thumbnailUrl\":\"https:\\\/\\\/soleiletsouriredusenegal.com\\\/wp-content\\\/uploads\\\/2025\\\/08\\\/IMG_0535.webp\",\"datePublished\":\"2025-08-09T10:12:48+00:00\",\"dateModified\":\"2025-10-08T08:58:01+00:00\",\"breadcrumb\":{\"@id\":\"https:\\\/\\\/soleiletsouriredusenegal.com\\\/#breadcrumb\"},\"inLanguage\":\"fr-FR\",\"potentialAction\":[{\"@type\":\"ReadAction\",\"target\":[\"https:\\\/\\\/soleiletsouriredusenegal.com\\\/\"]}]},{\"@type\":\"ImageObject\",\"inLanguage\":\"fr-FR\",\"@id\":\"https:\\\/\\\/soleiletsouriredusenegal.com\\\/#primaryimage\",\"url\":\"https:\\\/\\\/soleiletsouriredusenegal.com\\\/wp-content\\\/uploads\\\/2025\\\/08\\\/IMG_0535.webp\",\"contentUrl\":\"https:\\\/\\\/soleiletsouriredusenegal.com\\\/wp-content\\\/uploads\\\/2025\\\/08\\\/IMG_0535.webp\",\"width\":603,\"height\":450},{\"@type\":\"BreadcrumbList\",\"@id\":\"https:\\\/\\\/soleiletsouriredusenegal.com\\\/#breadcrumb\",\"itemListElement\":[{\"@type\":\"ListItem\",\"position\":1,\"name\":\"Home\",\"item\":\"https:\\\/\\\/soleiletsouriredusenegal.com\\\/\"},{\"@type\":\"ListItem\",\"position\":2,\"name\":\"\ud835\udc68\ud835\udc84\ud835\udc84\ud835\udc96\ud835\udc86\ud835\udc8a\ud835\udc8d\"}]},{\"@type\":\"WebSite\",\"@id\":\"https:\\\/\\\/soleiletsouriredusenegal.com\\\/#website\",\"url\":\"https:\\\/\\\/soleiletsouriredusenegal.com\\\/\",\"name\":\"BIENVENUE AU S\u00c9N\u00c9GAL \u2026\",\"description\":\"\",\"publisher\":{\"@id\":\"https:\\\/\\\/soleiletsouriredusenegal.com\\\/#organization\"},\"potentialAction\":[{\"@type\":\"SearchAction\",\"target\":{\"@type\":\"EntryPoint\",\"urlTemplate\":\"https:\\\/\\\/soleiletsouriredusenegal.com\\\/?s={search_term_string}\"},\"query-input\":{\"@type\":\"PropertyValueSpecification\",\"valueRequired\":true,\"valueName\":\"search_term_string\"}}],\"inLanguage\":\"fr-FR\"},{\"@type\":\"Organization\",\"@id\":\"https:\\\/\\\/soleiletsouriredusenegal.com\\\/#organization\",\"name\":\"BIENVENUE AU S\u00c9N\u00c9GAL \u2026\",\"url\":\"https:\\\/\\\/soleiletsouriredusenegal.com\\\/\",\"logo\":{\"@type\":\"ImageObject\",\"inLanguage\":\"fr-FR\",\"@id\":\"https:\\\/\\\/soleiletsouriredusenegal.com\\\/#\\\/schema\\\/logo\\\/image\\\/\",\"url\":\"https:\\\/\\\/soleiletsouriredusenegal.com\\\/wp-content\\\/uploads\\\/2025\\\/09\\\/cropped-logo.webp\",\"contentUrl\":\"https:\\\/\\\/soleiletsouriredusenegal.com\\\/wp-content\\\/uploads\\\/2025\\\/09\\\/cropped-logo.webp\",\"width\":235,\"height\":300,\"caption\":\"BIENVENUE AU S\u00c9N\u00c9GAL \u2026\"},\"image\":{\"@id\":\"https:\\\/\\\/soleiletsouriredusenegal.com\\\/#\\\/schema\\\/logo\\\/image\\\/\"}}]}<\/script>\n<!-- \/ Yoast SEO plugin. -->","yoast_head_json":{"title":"\ud835\udc68\ud835\udc84\ud835\udc84\ud835\udc96\ud835\udc86\ud835\udc8a\ud835\udc8d -","robots":{"index":"index","follow":"follow","max-snippet":"max-snippet:-1","max-image-preview":"max-image-preview:large","max-video-preview":"max-video-preview:-1"},"canonical":"https:\/\/soleiletsouriredusenegal.com\/","og_locale":"fr_FR","og_type":"article","og_title":"\ud835\udc68\ud835\udc84\ud835\udc84\ud835\udc96\ud835\udc86\ud835\udc8a\ud835\udc8d -","og_description":"&nbsp; Nous sommes une agence qui fait la promotion d\u2019un tourisme porteur d\u2019identit\u00e9, de d\u00e9veloppement local permettant \u00e0 chacun de conserver sa dignit\u00e9 et de d\u00e9velopper le sens de la solidarit\u00e9, du partage et de l\u2019\u00e9quit\u00e9.&nbsp; Notre Vision Nous emmenons les touristes \u00e0 la rencontre des populations afin de leur faire prendre conscience des r\u00e9alit\u00e9s [&hellip;]","og_url":"https:\/\/soleiletsouriredusenegal.com\/","article_modified_time":"2025-10-08T08:58:01+00:00","og_image":[{"width":603,"height":450,"url":"https:\/\/soleiletsouriredusenegal.com\/wp-content\/uploads\/2025\/08\/IMG_0535.webp","type":"image\/webp"}],"twitter_card":"summary_large_image","twitter_misc":{"Dur\u00e9e de lecture estim\u00e9e":"3 minutes"},"schema":{"@context":"https:\/\/schema.org","@graph":[{"@type":"WebPage","@id":"https:\/\/soleiletsouriredusenegal.com\/","url":"https:\/\/soleiletsouriredusenegal.com\/","name":"\ud835\udc68\ud835\udc84\ud835\udc84\ud835\udc96\ud835\udc86\ud835\udc8a\ud835\udc8d -","isPartOf":{"@id":"https:\/\/soleiletsouriredusenegal.com\/#website"},"primaryImageOfPage":{"@id":"https:\/\/soleiletsouriredusenegal.com\/#primaryimage"},"image":{"@id":"https:\/\/soleiletsouriredusenegal.com\/#primaryimage"},"thumbnailUrl":"https:\/\/soleiletsouriredusenegal.com\/wp-content\/uploads\/2025\/08\/IMG_0535.webp","datePublished":"2025-08-09T10:12:48+00:00","dateModified":"2025-10-08T08:58:01+00:00","breadcrumb":{"@id":"https:\/\/soleiletsouriredusenegal.com\/#breadcrumb"},"inLanguage":"fr-FR","potentialAction":[{"@type":"ReadAction","target":["https:\/\/soleiletsouriredusenegal.com\/"]}]},{"@type":"ImageObject","inLanguage":"fr-FR","@id":"https:\/\/soleiletsouriredusenegal.com\/#primaryimage","url":"https:\/\/soleiletsouriredusenegal.com\/wp-content\/uploads\/2025\/08\/IMG_0535.webp","contentUrl":"https:\/\/soleiletsouriredusenegal.com\/wp-content\/uploads\/2025\/08\/IMG_0535.webp","width":603,"height":450},{"@type":"BreadcrumbList","@id":"https:\/\/soleiletsouriredusenegal.com\/#breadcrumb","itemListElement":[{"@type":"ListItem","position":1,"name":"Home","item":"https:\/\/soleiletsouriredusenegal.com\/"},{"@type":"ListItem","position":2,"name":"\ud835\udc68\ud835\udc84\ud835\udc84\ud835\udc96\ud835\udc86\ud835\udc8a\ud835\udc8d"}]},{"@type":"WebSite","@id":"https:\/\/soleiletsouriredusenegal.com\/#website","url":"https:\/\/soleiletsouriredusenegal.com\/","name":"BIENVENUE AU S\u00c9N\u00c9GAL \u2026","description":"","publisher":{"@id":"https:\/\/soleiletsouriredusenegal.com\/#organization"},"potentialAction":[{"@type":"SearchAction","target":{"@type":"EntryPoint","urlTemplate":"https:\/\/soleiletsouriredusenegal.com\/?s={search_term_string}"},"query-input":{"@type":"PropertyValueSpecification","valueRequired":true,"valueName":"search_term_string"}}],"inLanguage":"fr-FR"},{"@type":"Organization","@id":"https:\/\/soleiletsouriredusenegal.com\/#organization","name":"BIENVENUE AU S\u00c9N\u00c9GAL \u2026","url":"https:\/\/soleiletsouriredusenegal.com\/","logo":{"@type":"ImageObject","inLanguage":"fr-FR","@id":"https:\/\/soleiletsouriredusenegal.com\/#\/schema\/logo\/image\/","url":"https:\/\/soleiletsouriredusenegal.com\/wp-content\/uploads\/2025\/09\/cropped-logo.webp","contentUrl":"https:\/\/soleiletsouriredusenegal.com\/wp-content\/uploads\/2025\/09\/cropped-logo.webp","width":235,"height":300,"caption":"BIENVENUE AU S\u00c9N\u00c9GAL \u2026"},"image":{"@id":"https:\/\/soleiletsouriredusenegal.com\/#\/schema\/logo\/image\/"}}]}},"_links":{"self":[{"href":"https:\/\/soleiletsouriredusenegal.com\/index.php?rest_route=\/wp\/v2\/pages\/26","targetHints":{"allow":["GET"]}}],"collection":[{"href":"https:\/\/soleiletsouriredusenegal.com\/index.php?rest_route=\/wp\/v2\/pages"}],"about":[{"href":"https:\/\/soleiletsouriredusenegal.com\/index.php?rest_route=\/wp\/v2\/types\/page"}],"author":[{"embeddable":true,"href":"https:\/\/soleiletsouriredusenegal.com\/index.php?rest_route=\/wp\/v2\/users\/1"}],"replies":[{"embeddable":true,"href":"https:\/\/soleiletsouriredusenegal.com\/index.php?rest_route=%2Fwp%2Fv2%2Fcomments&post=26"}],"version-history":[{"count":242,"href":"https:\/\/soleiletsouriredusenegal.com\/index.php?rest_route=\/wp\/v2\/pages\/26\/revisions"}],"predecessor-version":[{"id":3083,"href":"https:\/\/soleiletsouriredusenegal.com\/index.php?rest_route=\/wp\/v2\/pages\/26\/revisions\/3083"}],"wp:attachment":[{"href":"https:\/\/soleiletsouriredusenegal.com\/index.php?rest_route=%2Fwp%2Fv2%2Fmedia&parent=26"}],"curies":[{"name":"wp","href":"https:\/\/api.w.org\/{rel}","templated":true}]}}