{"id":1425,"date":"2025-08-28T11:00:34","date_gmt":"2025-08-28T09:00:34","guid":{"rendered":"https:\/\/soleiletsouriredusenegal.com\/?post_type=product&#038;p=1425"},"modified":"2025-10-09T15:00:22","modified_gmt":"2025-10-09T13:00:22","slug":"groupes-etudiants","status":"publish","type":"product","link":"https:\/\/soleiletsouriredusenegal.com\/?product=groupes-etudiants","title":{"rendered":"\ud835\udc6e\ud835\udc93\ud835\udc90\ud835\udc96\ud835\udc91\ud835\udc86\ud835\udc94 \u00e9\ud835\udc95\ud835\udc96\ud835\udc85\ud835\udc8a\ud835\udc82\ud835\udc8f\ud835\udc95\ud835\udc94"},"content":{"rendered":"\t\t<div data-elementor-type=\"wp-post\" data-elementor-id=\"1425\" class=\"elementor elementor-1425\">\n\t\t\t\t<div class=\"elementor-element elementor-element-18d43275 e-flex e-con-boxed elementor-invisible e-con e-parent\" data-id=\"18d43275\" data-element_type=\"container\" data-settings=\"{&quot;background_background&quot;:&quot;classic&quot;,&quot;animation&quot;:&quot;slideInDown&quot;}\">\n\t\t\t\t\t<div class=\"e-con-inner\">\n\t\t\t\t<div class=\"elementor-element elementor-element-757c2a11 elementor-invisible elementor-widget elementor-widget-text-editor\" data-id=\"757c2a11\" data-element_type=\"widget\" data-settings=\"{&quot;_animation&quot;:&quot;slideInLeft&quot;}\" data-widget_type=\"text-editor.default\">\n\t\t\t\t\t\t\t\t\t<p style=\"text-align: center;\"><span style=\"color: #993300;\"><strong>\u00a0<\/strong><\/span><\/p><p style=\"text-align: center;\"><span style=\"color: #993300;\"><strong>Pendant 14 jours<\/strong>,<\/span><\/p><p style=\"text-align: center;\"><span style=\"color: #993300;\">Nous invitons les \u00e9tudiants \u00e0 vivre bien plus qu\u2019un simple voyage : une v\u00e9ritable immersion au c\u0153ur du S\u00e9n\u00e9gal.<\/span><\/p><p style=\"text-align: center;\"><span style=\"color: #993300;\">\u00a0<\/span><\/p><p style=\"text-align: center;\"><span style=\"color: #993300;\"><strong>En toute s\u00e9curit\u00e9<\/strong>,<\/span><\/p><p style=\"text-align: center;\"><span style=\"color: #993300;\">Ils partageront le quotidien des habitants, \u00e9changeront sur les r\u00e9alit\u00e9s de chacun et d\u00e9couvriront la richesse humaine et culturelle de ce pays chaleureux.<\/span><\/p><p style=\"text-align: center;\"><span style=\"color: #993300;\">\u00a0<\/span><\/p><p style=\"text-align: center;\"><span style=\"color: #993300;\"><strong>Notre ambition<\/strong> :<\/span><\/p><p style=\"text-align: center;\"><span style=\"color: #993300;\">Leur offrir un regard neuf sur le monde, une exp\u00e9rience qui bouscule les rep\u00e8res et ouvre l\u2019esprit \u00e0 des modes de vie profond\u00e9ment diff\u00e9rents du leur.<\/span><\/p>\t\t\t\t\t\t\t\t<\/div>\n\t\t\t\t\t<\/div>\n\t\t\t\t<\/div>\n\t\t\t\t<\/div>\n\t\t","protected":false},"excerpt":{"rendered":"<p>&nbsp;<\/p>\n<p><!-- MetaSlider 1531 not found --><\/p>\n","protected":false},"featured_media":267,"template":"elementor_header_footer","meta":{"_glsr_average":0,"_glsr_ranking":0,"_glsr_reviews":0},"product_brand":[],"product_cat":[15],"product_tag":[],"class_list":{"0":"post-1425","1":"product","2":"type-product","3":"status-publish","4":"has-post-thumbnail","6":"product_cat-circuits","8":"first","9":"instock","10":"shipping-taxable","11":"product-type-simple"},"yoast_head":"<!-- This site is optimized with the Yoast SEO plugin v27.4 - https:\/\/yoast.com\/product\/yoast-seo-wordpress\/ -->\n<title>\ud835\udc6e\ud835\udc93\ud835\udc90\ud835\udc96\ud835\udc91\ud835\udc86\ud835\udc94 \u00e9\ud835\udc95\ud835\udc96\ud835\udc85\ud835\udc8a\ud835\udc82\ud835\udc8f\ud835\udc95\ud835\udc94 -<\/title>\n<meta name=\"robots\" content=\"index, follow, max-snippet:-1, max-image-preview:large, max-video-preview:-1\" \/>\n<link rel=\"canonical\" href=\"https:\/\/soleiletsouriredusenegal.com\/?product=groupes-etudiants\" \/>\n<meta property=\"og:locale\" content=\"fr_FR\" \/>\n<meta property=\"og:type\" content=\"article\" \/>\n<meta property=\"og:title\" content=\"\ud835\udc6e\ud835\udc93\ud835\udc90\ud835\udc96\ud835\udc91\ud835\udc86\ud835\udc94 \u00e9\ud835\udc95\ud835\udc96\ud835\udc85\ud835\udc8a\ud835\udc82\ud835\udc8f\ud835\udc95\ud835\udc94 -\" \/>\n<meta property=\"og:description\" content=\"&nbsp;\" \/>\n<meta property=\"og:url\" content=\"https:\/\/soleiletsouriredusenegal.com\/?product=groupes-etudiants\" \/>\n<meta property=\"article:modified_time\" content=\"2025-10-09T13:00:22+00:00\" \/>\n<meta property=\"og:image\" content=\"https:\/\/soleiletsouriredusenegal.com\/wp-content\/uploads\/2025\/08\/IMG_0408_lwsoptimized.webp\" \/>\n\t<meta property=\"og:image:width\" content=\"603\" \/>\n\t<meta property=\"og:image:height\" content=\"450\" \/>\n\t<meta property=\"og:image:type\" content=\"image\/webp\" \/>\n<meta name=\"twitter:card\" content=\"summary_large_image\" \/>\n<meta name=\"twitter:label1\" content=\"Dur\u00e9e de lecture estim\u00e9e\" \/>\n\t<meta name=\"twitter:data1\" content=\"1 minute\" \/>\n<script type=\"application\/ld+json\" class=\"yoast-schema-graph\">{\"@context\":\"https:\\\/\\\/schema.org\",\"@graph\":[{\"@type\":\"WebPage\",\"@id\":\"https:\\\/\\\/soleiletsouriredusenegal.com\\\/?product=groupes-etudiants\",\"url\":\"https:\\\/\\\/soleiletsouriredusenegal.com\\\/?product=groupes-etudiants\",\"name\":\"\ud835\udc6e\ud835\udc93\ud835\udc90\ud835\udc96\ud835\udc91\ud835\udc86\ud835\udc94 \u00e9\ud835\udc95\ud835\udc96\ud835\udc85\ud835\udc8a\ud835\udc82\ud835\udc8f\ud835\udc95\ud835\udc94 -\",\"isPartOf\":{\"@id\":\"https:\\\/\\\/soleiletsouriredusenegal.com\\\/#website\"},\"primaryImageOfPage\":{\"@id\":\"https:\\\/\\\/soleiletsouriredusenegal.com\\\/?product=groupes-etudiants#primaryimage\"},\"image\":{\"@id\":\"https:\\\/\\\/soleiletsouriredusenegal.com\\\/?product=groupes-etudiants#primaryimage\"},\"thumbnailUrl\":\"https:\\\/\\\/soleiletsouriredusenegal.com\\\/wp-content\\\/uploads\\\/2025\\\/08\\\/IMG_0408_lwsoptimized.webp\",\"datePublished\":\"2025-08-28T09:00:34+00:00\",\"dateModified\":\"2025-10-09T13:00:22+00:00\",\"breadcrumb\":{\"@id\":\"https:\\\/\\\/soleiletsouriredusenegal.com\\\/?product=groupes-etudiants#breadcrumb\"},\"inLanguage\":\"fr-FR\",\"potentialAction\":[{\"@type\":\"ReadAction\",\"target\":[\"https:\\\/\\\/soleiletsouriredusenegal.com\\\/?product=groupes-etudiants\"]}]},{\"@type\":\"ImageObject\",\"inLanguage\":\"fr-FR\",\"@id\":\"https:\\\/\\\/soleiletsouriredusenegal.com\\\/?product=groupes-etudiants#primaryimage\",\"url\":\"https:\\\/\\\/soleiletsouriredusenegal.com\\\/wp-content\\\/uploads\\\/2025\\\/08\\\/IMG_0408_lwsoptimized.webp\",\"contentUrl\":\"https:\\\/\\\/soleiletsouriredusenegal.com\\\/wp-content\\\/uploads\\\/2025\\\/08\\\/IMG_0408_lwsoptimized.webp\",\"width\":603,\"height\":450},{\"@type\":\"BreadcrumbList\",\"@id\":\"https:\\\/\\\/soleiletsouriredusenegal.com\\\/?product=groupes-etudiants#breadcrumb\",\"itemListElement\":[{\"@type\":\"ListItem\",\"position\":1,\"name\":\"Home\",\"item\":\"https:\\\/\\\/soleiletsouriredusenegal.com\\\/\"},{\"@type\":\"ListItem\",\"position\":2,\"name\":\"\ud835\udc75\ud835\udc90\ud835\udc94 \ud835\udc84\ud835\udc8a\ud835\udc93\ud835\udc84\ud835\udc96\ud835\udc8a\ud835\udc95\ud835\udc94 &amp; \ud835\udc90\ud835\udc87\ud835\udc87\ud835\udc93\ud835\udc86\ud835\udc94\",\"item\":\"https:\\\/\\\/soleiletsouriredusenegal.com\\\/?page_id=30\"},{\"@type\":\"ListItem\",\"position\":3,\"name\":\"\ud835\udc6e\ud835\udc93\ud835\udc90\ud835\udc96\ud835\udc91\ud835\udc86\ud835\udc94 \u00e9\ud835\udc95\ud835\udc96\ud835\udc85\ud835\udc8a\ud835\udc82\ud835\udc8f\ud835\udc95\ud835\udc94\"}]},{\"@type\":\"WebSite\",\"@id\":\"https:\\\/\\\/soleiletsouriredusenegal.com\\\/#website\",\"url\":\"https:\\\/\\\/soleiletsouriredusenegal.com\\\/\",\"name\":\"BIENVENUE AU S\u00c9N\u00c9GAL \u2026\",\"description\":\"\",\"publisher\":{\"@id\":\"https:\\\/\\\/soleiletsouriredusenegal.com\\\/#organization\"},\"potentialAction\":[{\"@type\":\"SearchAction\",\"target\":{\"@type\":\"EntryPoint\",\"urlTemplate\":\"https:\\\/\\\/soleiletsouriredusenegal.com\\\/?s={search_term_string}\"},\"query-input\":{\"@type\":\"PropertyValueSpecification\",\"valueRequired\":true,\"valueName\":\"search_term_string\"}}],\"inLanguage\":\"fr-FR\"},{\"@type\":\"Organization\",\"@id\":\"https:\\\/\\\/soleiletsouriredusenegal.com\\\/#organization\",\"name\":\"BIENVENUE AU S\u00c9N\u00c9GAL \u2026\",\"url\":\"https:\\\/\\\/soleiletsouriredusenegal.com\\\/\",\"logo\":{\"@type\":\"ImageObject\",\"inLanguage\":\"fr-FR\",\"@id\":\"https:\\\/\\\/soleiletsouriredusenegal.com\\\/#\\\/schema\\\/logo\\\/image\\\/\",\"url\":\"https:\\\/\\\/soleiletsouriredusenegal.com\\\/wp-content\\\/uploads\\\/2025\\\/09\\\/cropped-logo.webp\",\"contentUrl\":\"https:\\\/\\\/soleiletsouriredusenegal.com\\\/wp-content\\\/uploads\\\/2025\\\/09\\\/cropped-logo.webp\",\"width\":235,\"height\":300,\"caption\":\"BIENVENUE AU S\u00c9N\u00c9GAL \u2026\"},\"image\":{\"@id\":\"https:\\\/\\\/soleiletsouriredusenegal.com\\\/#\\\/schema\\\/logo\\\/image\\\/\"}}]}<\/script>\n<!-- \/ Yoast SEO plugin. -->","yoast_head_json":{"title":"\ud835\udc6e\ud835\udc93\ud835\udc90\ud835\udc96\ud835\udc91\ud835\udc86\ud835\udc94 \u00e9\ud835\udc95\ud835\udc96\ud835\udc85\ud835\udc8a\ud835\udc82\ud835\udc8f\ud835\udc95\ud835\udc94 -","robots":{"index":"index","follow":"follow","max-snippet":"max-snippet:-1","max-image-preview":"max-image-preview:large","max-video-preview":"max-video-preview:-1"},"canonical":"https:\/\/soleiletsouriredusenegal.com\/?product=groupes-etudiants","og_locale":"fr_FR","og_type":"article","og_title":"\ud835\udc6e\ud835\udc93\ud835\udc90\ud835\udc96\ud835\udc91\ud835\udc86\ud835\udc94 \u00e9\ud835\udc95\ud835\udc96\ud835\udc85\ud835\udc8a\ud835\udc82\ud835\udc8f\ud835\udc95\ud835\udc94 -","og_description":"&nbsp;","og_url":"https:\/\/soleiletsouriredusenegal.com\/?product=groupes-etudiants","article_modified_time":"2025-10-09T13:00:22+00:00","og_image":[{"width":603,"height":450,"url":"https:\/\/soleiletsouriredusenegal.com\/wp-content\/uploads\/2025\/08\/IMG_0408_lwsoptimized.webp","type":"image\/webp"}],"twitter_card":"summary_large_image","twitter_misc":{"Dur\u00e9e de lecture estim\u00e9e":"1 minute"},"schema":{"@context":"https:\/\/schema.org","@graph":[{"@type":"WebPage","@id":"https:\/\/soleiletsouriredusenegal.com\/?product=groupes-etudiants","url":"https:\/\/soleiletsouriredusenegal.com\/?product=groupes-etudiants","name":"\ud835\udc6e\ud835\udc93\ud835\udc90\ud835\udc96\ud835\udc91\ud835\udc86\ud835\udc94 \u00e9\ud835\udc95\ud835\udc96\ud835\udc85\ud835\udc8a\ud835\udc82\ud835\udc8f\ud835\udc95\ud835\udc94 -","isPartOf":{"@id":"https:\/\/soleiletsouriredusenegal.com\/#website"},"primaryImageOfPage":{"@id":"https:\/\/soleiletsouriredusenegal.com\/?product=groupes-etudiants#primaryimage"},"image":{"@id":"https:\/\/soleiletsouriredusenegal.com\/?product=groupes-etudiants#primaryimage"},"thumbnailUrl":"https:\/\/soleiletsouriredusenegal.com\/wp-content\/uploads\/2025\/08\/IMG_0408_lwsoptimized.webp","datePublished":"2025-08-28T09:00:34+00:00","dateModified":"2025-10-09T13:00:22+00:00","breadcrumb":{"@id":"https:\/\/soleiletsouriredusenegal.com\/?product=groupes-etudiants#breadcrumb"},"inLanguage":"fr-FR","potentialAction":[{"@type":"ReadAction","target":["https:\/\/soleiletsouriredusenegal.com\/?product=groupes-etudiants"]}]},{"@type":"ImageObject","inLanguage":"fr-FR","@id":"https:\/\/soleiletsouriredusenegal.com\/?product=groupes-etudiants#primaryimage","url":"https:\/\/soleiletsouriredusenegal.com\/wp-content\/uploads\/2025\/08\/IMG_0408_lwsoptimized.webp","contentUrl":"https:\/\/soleiletsouriredusenegal.com\/wp-content\/uploads\/2025\/08\/IMG_0408_lwsoptimized.webp","width":603,"height":450},{"@type":"BreadcrumbList","@id":"https:\/\/soleiletsouriredusenegal.com\/?product=groupes-etudiants#breadcrumb","itemListElement":[{"@type":"ListItem","position":1,"name":"Home","item":"https:\/\/soleiletsouriredusenegal.com\/"},{"@type":"ListItem","position":2,"name":"\ud835\udc75\ud835\udc90\ud835\udc94 \ud835\udc84\ud835\udc8a\ud835\udc93\ud835\udc84\ud835\udc96\ud835\udc8a\ud835\udc95\ud835\udc94 &amp; \ud835\udc90\ud835\udc87\ud835\udc87\ud835\udc93\ud835\udc86\ud835\udc94","item":"https:\/\/soleiletsouriredusenegal.com\/?page_id=30"},{"@type":"ListItem","position":3,"name":"\ud835\udc6e\ud835\udc93\ud835\udc90\ud835\udc96\ud835\udc91\ud835\udc86\ud835\udc94 \u00e9\ud835\udc95\ud835\udc96\ud835\udc85\ud835\udc8a\ud835\udc82\ud835\udc8f\ud835\udc95\ud835\udc94"}]},{"@type":"WebSite","@id":"https:\/\/soleiletsouriredusenegal.com\/#website","url":"https:\/\/soleiletsouriredusenegal.com\/","name":"BIENVENUE AU S\u00c9N\u00c9GAL \u2026","description":"","publisher":{"@id":"https:\/\/soleiletsouriredusenegal.com\/#organization"},"potentialAction":[{"@type":"SearchAction","target":{"@type":"EntryPoint","urlTemplate":"https:\/\/soleiletsouriredusenegal.com\/?s={search_term_string}"},"query-input":{"@type":"PropertyValueSpecification","valueRequired":true,"valueName":"search_term_string"}}],"inLanguage":"fr-FR"},{"@type":"Organization","@id":"https:\/\/soleiletsouriredusenegal.com\/#organization","name":"BIENVENUE AU S\u00c9N\u00c9GAL \u2026","url":"https:\/\/soleiletsouriredusenegal.com\/","logo":{"@type":"ImageObject","inLanguage":"fr-FR","@id":"https:\/\/soleiletsouriredusenegal.com\/#\/schema\/logo\/image\/","url":"https:\/\/soleiletsouriredusenegal.com\/wp-content\/uploads\/2025\/09\/cropped-logo.webp","contentUrl":"https:\/\/soleiletsouriredusenegal.com\/wp-content\/uploads\/2025\/09\/cropped-logo.webp","width":235,"height":300,"caption":"BIENVENUE AU S\u00c9N\u00c9GAL \u2026"},"image":{"@id":"https:\/\/soleiletsouriredusenegal.com\/#\/schema\/logo\/image\/"}}]}},"_links":{"self":[{"href":"https:\/\/soleiletsouriredusenegal.com\/index.php?rest_route=\/wp\/v2\/product\/1425","targetHints":{"allow":["GET"]}}],"collection":[{"href":"https:\/\/soleiletsouriredusenegal.com\/index.php?rest_route=\/wp\/v2\/product"}],"about":[{"href":"https:\/\/soleiletsouriredusenegal.com\/index.php?rest_route=\/wp\/v2\/types\/product"}],"version-history":[{"count":30,"href":"https:\/\/soleiletsouriredusenegal.com\/index.php?rest_route=\/wp\/v2\/product\/1425\/revisions"}],"predecessor-version":[{"id":3098,"href":"https:\/\/soleiletsouriredusenegal.com\/index.php?rest_route=\/wp\/v2\/product\/1425\/revisions\/3098"}],"wp:featuredmedia":[{"embeddable":true,"href":"https:\/\/soleiletsouriredusenegal.com\/index.php?rest_route=\/wp\/v2\/media\/267"}],"wp:attachment":[{"href":"https:\/\/soleiletsouriredusenegal.com\/index.php?rest_route=%2Fwp%2Fv2%2Fmedia&parent=1425"}],"wp:term":[{"taxonomy":"product_brand","embeddable":true,"href":"https:\/\/soleiletsouriredusenegal.com\/index.php?rest_route=%2Fwp%2Fv2%2Fproduct_brand&post=1425"},{"taxonomy":"product_cat","embeddable":true,"href":"https:\/\/soleiletsouriredusenegal.com\/index.php?rest_route=%2Fwp%2Fv2%2Fproduct_cat&post=1425"},{"taxonomy":"product_tag","embeddable":true,"href":"https:\/\/soleiletsouriredusenegal.com\/index.php?rest_route=%2Fwp%2Fv2%2Fproduct_tag&post=1425"}],"curies":[{"name":"wp","href":"https:\/\/api.w.org\/{rel}","templated":true}]}}